{"id":17,"date":"2026-02-19T10:19:54","date_gmt":"2026-02-19T10:19:54","guid":{"rendered":"https:\/\/makucamps.com\/?page_id=17"},"modified":"2026-04-02T15:22:33","modified_gmt":"2026-04-02T13:22:33","slug":"homepage","status":"publish","type":"page","link":"https:\/\/makucamps.com\/","title":{"rendered":"Homepage"},"content":{"rendered":"\n<div class=\"wp-block-cover alignfull is-light\" style=\"min-height:100vh;aspect-ratio:unset;\"><img loading=\"lazy\" decoding=\"async\" width=\"1880\" height=\"1253\" class=\"wp-block-cover__image-background wp-image-193\" alt=\"children placing obstacle course cones on grass\" src=\"https:\/\/makucamps.com\/wp-content\/uploads\/2026\/02\/pexels-photo-25748906.jpeg\" data-object-fit=\"cover\" srcset=\"https:\/\/makucamps.com\/wp-content\/uploads\/2026\/02\/pexels-photo-25748906.jpeg 1880w, https:\/\/makucamps.com\/wp-content\/uploads\/2026\/02\/pexels-photo-25748906-300x200.jpeg 300w, https:\/\/makucamps.com\/wp-content\/uploads\/2026\/02\/pexels-photo-25748906-1024x682.jpeg 1024w\" sizes=\"auto, (max-width: 1880px) 100vw, 1880px\" \/><span aria-hidden=\"true\" class=\"wp-block-cover__background has-background-dim-20 has-background-dim\" style=\"background-color:#9b9483\"><\/span><div class=\"wp-block-cover__inner-container has-global-padding is-layout-constrained wp-block-cover-is-layout-constrained\">\n<p class=\"has-text-align-center has-white-color has-text-color has-max-60-font-size\" style=\"font-style:normal;font-weight:900;line-height:1.2\"><strong>M\u0101cies darot. Audz piedz\u012bvojot.<\/strong><\/p>\n\n\n\n<p class=\"has-text-align-center has-white-color has-text-color has-medium-font-size\">Piedz\u012bvojums, kas m\u0101ca. Izaicin\u0101jumi, kas stiprina. Draudz\u012bba, kas paliek.<\/p>\n\n\n\n<div style=\"height:55px\" aria-hidden=\"true\" class=\"wp-block-spacer\"><\/div>\n<\/div><\/div>\n\n\n\n<div class=\"wp-block-group has-global-padding is-layout-constrained wp-block-group-is-layout-constrained\">\n<div style=\"height:57px\" aria-hidden=\"true\" class=\"wp-block-spacer\"><\/div>\n\n\n\n<h2 class=\"wp-block-heading has-text-align-center has-medium-font-size\" style=\"letter-spacing:1px\">IZDZ\u012aVO\u0160ANAS SP\u0112LE, KAS ATT\u012aSTA DZ\u012aVEI<\/h2>\n\n\n\n<p class=\"has-text-align-center\">MAKU nometnes ir veidotas k\u0101 aizraujo\u0161s piedz\u012bvojumu st\u0101sts, kur b\u0113rni piedal\u0101s izdz\u012bvo\u0161anas sp\u0113l\u0113s, komandu izaicin\u0101jumos un rado\u0161\u0101s aktivit\u0101t\u0113s. Katru dienu dal\u012bbnieki saskaras ar jauniem uzdevumiem, kas att\u012bsta probl\u0113mu risin\u0101\u0161anu, komunik\u0101ciju, l\u012bder\u012bbu un pa\u0161p\u0101rliec\u012bbu.<\/p>\n\n\n\n<div style=\"height:57px\" aria-hidden=\"true\" class=\"wp-block-spacer\"><\/div>\n<\/div>\n\n\n\n<div id=\"services\" class=\"wp-block-group alignfull pattern_multiple_covers has-background has-global-padding is-layout-constrained wp-block-group-is-layout-constrained\">\n<h2 class=\"wp-block-heading has-text-align-left\">MAKU NOMETNES<\/h2>\n\n\n\n<p class=\"has-text-align-left\">Katrs dal\u012bbnieks k\u013c\u016bst par da\u013cu no komandas, kas kop\u0101 p\u0101rvar \u0161\u0137\u0113r\u0161\u013cus, risina uzdevumus, piedal\u0101s strat\u0113\u0123isk\u0101s sp\u0113l\u0113s un izdz\u012bvo\u0161anas izaicin\u0101jumos. Tas ir piedz\u012bvojums, kur svar\u012bga ir ne tikai uzvara, bet ar\u012b sadarb\u012bba, drosme un attieksme.<\/p>\n\n\n\n<p>MAKU nometnes apvieno kust\u012bbu, dom\u0101\u0161anu un re\u0101las dz\u012bves prasmes.<\/p>\n\n\n\n<p>Dienas laik\u0101 b\u0113rni piedal\u0101s sportisk\u0101s aktivit\u0101t\u0113s, komandu izaicin\u0101jumos un strat\u0113\u0123isk\u0101s sp\u0113l\u0113s. Ta\u010du tikpat svar\u012bga ir ar\u012b praktisk\u0101 pieredze \u2013 prasmes, kuras noder dz\u012bv\u0113.<\/p>\n\n\n\n<div style=\"height:46px\" aria-hidden=\"true\" class=\"wp-block-spacer\"><\/div>\n\n\n\n<div class=\"wp-block-columns is-layout-flex wp-container-core-columns-is-layout-28f84493 wp-block-columns-is-layout-flex\">\n<div class=\"wp-block-column is-layout-flow wp-block-column-is-layout-flow\" style=\"padding-top:0;padding-right:0;padding-bottom:0;padding-left:0\">\n<div class=\"wp-block-cover has-custom-content-position is-position-bottom-left\" style=\"padding-top:var(--wp--preset--spacing--small);padding-right:var(--wp--preset--spacing--x-small);padding-bottom:var(--wp--preset--spacing--small);padding-left:var(--wp--preset--spacing--x-small)\"><img loading=\"lazy\" decoding=\"async\" width=\"683\" height=\"1024\" class=\"wp-block-cover__image-background wp-image-35 size-large\" alt=\"\" src=\"https:\/\/makucamps.com\/wp-content\/uploads\/2026\/02\/DSC03339-2-683x1024.jpg\" data-object-fit=\"cover\" srcset=\"https:\/\/makucamps.com\/wp-content\/uploads\/2026\/02\/DSC03339-2-683x1024.jpg 683w, https:\/\/makucamps.com\/wp-content\/uploads\/2026\/02\/DSC03339-2-200x300.jpg 200w, https:\/\/makucamps.com\/wp-content\/uploads\/2026\/02\/DSC03339-2-2000x2999.jpg 2000w, https:\/\/makucamps.com\/wp-content\/uploads\/2026\/02\/DSC03339-2-scaled.jpg 1707w\" sizes=\"auto, (max-width: 683px) 100vw, 683px\" \/><span aria-hidden=\"true\" class=\"wp-block-cover__background has-primary-background-color has-background-dim-70 has-background-dim\"><\/span><div class=\"wp-block-cover__inner-container is-layout-flow wp-block-cover-is-layout-flow\">\n<h3 class=\"wp-block-heading has-white-color has-text-color has-medium-font-size\" style=\"margin-top:0;margin-right:0;margin-bottom:0;margin-left:0\">IZDZ\u012aVO\u0160ANAS NOMETNE   J\u016aNIJ\u0100<\/h3>\n\n\n\n<p>14.06.-19.06.2026<\/p>\n\n\n\n<p class=\"has-secondary-color has-text-color has-link-color wp-elements-43b6df665fe8867bd0eeb572754d3ceb\" style=\"margin-top:0;margin-right:0;margin-bottom:0;margin-left:0\"><a href=\"https:\/\/makucamps.com\/index.php\/product\/izdzivosanas-nometne-junija\/\">LASI VAIR\u0100K \u2192<\/a><\/p>\n<\/div><\/div>\n<\/div>\n\n\n\n<div class=\"wp-block-column is-layout-flow wp-block-column-is-layout-flow\" style=\"padding-top:0;padding-right:0;padding-bottom:0;padding-left:0\">\n<div class=\"wp-block-cover has-custom-content-position is-position-bottom-left\" style=\"padding-top:var(--wp--preset--spacing--small);padding-right:var(--wp--preset--spacing--x-small);padding-bottom:var(--wp--preset--spacing--small);padding-left:var(--wp--preset--spacing--x-small)\"><img loading=\"lazy\" decoding=\"async\" width=\"683\" height=\"1024\" class=\"wp-block-cover__image-background wp-image-36 size-large\" alt=\"\" src=\"https:\/\/makucamps.com\/wp-content\/uploads\/2026\/02\/DSC04527-683x1024.jpg\" data-object-fit=\"cover\" srcset=\"https:\/\/makucamps.com\/wp-content\/uploads\/2026\/02\/DSC04527-683x1024.jpg 683w, https:\/\/makucamps.com\/wp-content\/uploads\/2026\/02\/DSC04527-200x300.jpg 200w, https:\/\/makucamps.com\/wp-content\/uploads\/2026\/02\/DSC04527-2000x2999.jpg 2000w, https:\/\/makucamps.com\/wp-content\/uploads\/2026\/02\/DSC04527-scaled.jpg 1707w\" sizes=\"auto, (max-width: 683px) 100vw, 683px\" \/><span aria-hidden=\"true\" class=\"wp-block-cover__background has-primary-background-color has-background-dim-70 has-background-dim\"><\/span><div class=\"wp-block-cover__inner-container is-layout-flow wp-block-cover-is-layout-flow\">\n<h3 class=\"wp-block-heading has-white-color has-text-color has-medium-font-size\" style=\"margin-top:0;margin-right:0;margin-bottom:0;margin-left:0\">IZDZ\u012aVO\u0160ANAS NOMETNE    J\u016aLIJ\u0100<\/h3>\n\n\n\n<p>12.07.-17.07.2026<\/p>\n\n\n\n<p class=\"has-secondary-color has-text-color has-link-color wp-elements-c77598d3526315ea963e9588f7b2783e\" style=\"margin-top:0;margin-right:0;margin-bottom:0;margin-left:0\"><a href=\"https:\/\/makucamps.com\/index.php\/product\/izdzivosanas-nometne-julija\/\">LASI VAIR\u0100K \u2192<\/a><\/p>\n<\/div><\/div>\n<\/div>\n\n\n\n<div class=\"wp-block-column is-layout-flow wp-block-column-is-layout-flow\" style=\"padding-top:0;padding-right:0;padding-bottom:0;padding-left:0\">\n<div class=\"wp-block-cover has-custom-content-position is-position-bottom-left\" style=\"padding-top:var(--wp--preset--spacing--small);padding-right:var(--wp--preset--spacing--x-small);padding-bottom:var(--wp--preset--spacing--small);padding-left:var(--wp--preset--spacing--x-small)\"><img loading=\"lazy\" decoding=\"async\" width=\"1024\" height=\"683\" class=\"wp-block-cover__image-background wp-image-40 size-large\" alt=\"\" src=\"https:\/\/makucamps.com\/wp-content\/uploads\/2026\/02\/DSC04518-1-1024x683.jpg\" data-object-fit=\"cover\" srcset=\"https:\/\/makucamps.com\/wp-content\/uploads\/2026\/02\/DSC04518-1-1024x683.jpg 1024w, https:\/\/makucamps.com\/wp-content\/uploads\/2026\/02\/DSC04518-1-300x200.jpg 300w, https:\/\/makucamps.com\/wp-content\/uploads\/2026\/02\/DSC04518-1-2000x1334.jpg 2000w\" sizes=\"auto, (max-width: 1024px) 100vw, 1024px\" \/><span aria-hidden=\"true\" class=\"wp-block-cover__background has-primary-background-color has-background-dim-70 has-background-dim\"><\/span><div class=\"wp-block-cover__inner-container is-layout-flow wp-block-cover-is-layout-flow\">\n<h3 class=\"wp-block-heading has-white-color has-text-color has-medium-font-size\" style=\"margin-top:0;margin-right:0;margin-bottom:0;margin-left:0\">IZDZ\u012aVO\u0160ANAS NOMETNE AUGUST\u0100<\/h3>\n\n\n\n<p>09.08.-14.08.2026<\/p>\n\n\n\n<p class=\"has-secondary-color has-text-color has-link-color wp-elements-cee27087341e99fa86d423d6551460a9\" style=\"margin-top:0;margin-right:0;margin-bottom:0;margin-left:0\"><a href=\"https:\/\/makucamps.com\/index.php\/product\/izdzivosanas-nometne-augusta\/\">LASI VAIR\u0100K \u2192<\/a><\/p>\n<\/div><\/div>\n<\/div>\n<\/div>\n\n\n\n<div style=\"height:103px\" aria-hidden=\"true\" class=\"wp-block-spacer\"><\/div>\n<\/div>\n\n\n\n<div class=\"wp-block-group alignfull has-global-padding is-layout-constrained wp-block-group-is-layout-constrained\">\n<div class=\"wp-block-group has-global-padding is-layout-constrained wp-block-group-is-layout-constrained\" style=\"padding-top:var(--wp--preset--spacing--small);padding-bottom:var(--wp--preset--spacing--small)\">\n<div style=\"height:30px\" aria-hidden=\"true\" class=\"wp-block-spacer\"><\/div>\n\n\n\n<div class=\"wp-block-columns is-layout-flex wp-container-core-columns-is-layout-c375d253 wp-block-columns-is-layout-flex\">\n<div class=\"wp-block-column is-vertically-aligned-center is-layout-flow wp-block-column-is-layout-flow\">\n<h2 class=\"wp-block-heading has-medium-font-size\" style=\"text-transform:uppercase\">PAR MUMS<\/h2>\n\n\n\n<p>MAKU nav tikai aktivit\u0101\u0161u programma. T\u0101 ir pieredze.<\/p>\n\n\n\n<p>B\u0113rni dz\u012bvo piedz\u012bvojuma st\u0101st\u0101, kur katra diena ir jauns izaicin\u0101jums, katra komanda \u2013 k\u0101 maza cilts, un katrs uzdevums \u2013 iesp\u0113ja iem\u0101c\u012bties ko jaunu par sevi.<\/p>\n\n\n\n<div class=\"wp-block-buttons is-horizontal is-content-justification-left is-layout-flex wp-container-core-buttons-is-layout-20be11b6 wp-block-buttons-is-layout-flex\">\n<div class=\"wp-block-button is-style-outline is-style-outline--1\"><a class=\"wp-block-button__link wp-element-button\" href=\"https:\/\/makucamps.com\/index.php\/mes\/\" style=\"border-radius:0px\">M\u0112S<\/a><\/div>\n<\/div>\n\n\n\n<p><\/p>\n<\/div>\n\n\n\n<div class=\"wp-block-column is-layout-flow wp-block-column-is-layout-flow\">\n<figure class=\"wp-block-image size-large\"><img loading=\"lazy\" decoding=\"async\" width=\"1024\" height=\"683\" src=\"https:\/\/makucamps.com\/wp-content\/uploads\/2026\/02\/DSC05161-1024x683.jpg\" alt=\"\" class=\"wp-image-39\" srcset=\"https:\/\/makucamps.com\/wp-content\/uploads\/2026\/02\/DSC05161-1024x683.jpg 1024w, https:\/\/makucamps.com\/wp-content\/uploads\/2026\/02\/DSC05161-300x200.jpg 300w, https:\/\/makucamps.com\/wp-content\/uploads\/2026\/02\/DSC05161-2000x1334.jpg 2000w\" sizes=\"auto, (max-width: 1024px) 100vw, 1024px\" \/><\/figure>\n<\/div>\n<\/div>\n\n\n\n<div style=\"height:30px\" aria-hidden=\"true\" class=\"wp-block-spacer\"><\/div>\n<\/div>\n<\/div>\n\n\n\n<div class=\"wp-block-group alignfull has-background has-global-padding is-layout-constrained wp-block-group-is-layout-constrained\">\n<div class=\"wp-block-group has-global-padding is-layout-constrained wp-block-group-is-layout-constrained\" style=\"padding-top:var(--wp--preset--spacing--small);padding-bottom:var(--wp--preset--spacing--small)\">\n<div style=\"height:30px\" aria-hidden=\"true\" class=\"wp-block-spacer\"><\/div>\n\n\n\n<div class=\"wp-block-columns are-vertically-aligned-center is-layout-flex wp-container-core-columns-is-layout-c375d253 wp-block-columns-is-layout-flex\">\n<div class=\"wp-block-column is-vertically-aligned-center is-layout-flow wp-block-column-is-layout-flow\">\n<figure class=\"wp-block-image size-large\"><img loading=\"lazy\" decoding=\"async\" width=\"1024\" height=\"683\" src=\"https:\/\/makucamps.com\/wp-content\/uploads\/2026\/02\/DSC04518-2-1024x683.jpg\" alt=\"\" class=\"wp-image-82\" srcset=\"https:\/\/makucamps.com\/wp-content\/uploads\/2026\/02\/DSC04518-2-1024x683.jpg 1024w, https:\/\/makucamps.com\/wp-content\/uploads\/2026\/02\/DSC04518-2-300x200.jpg 300w, https:\/\/makucamps.com\/wp-content\/uploads\/2026\/02\/DSC04518-2-2000x1334.jpg 2000w\" sizes=\"auto, (max-width: 1024px) 100vw, 1024px\" \/><\/figure>\n<\/div>\n\n\n\n<div class=\"wp-block-column is-vertically-aligned-center is-layout-flow wp-block-column-is-layout-flow\">\n<h2 class=\"wp-block-heading has-medium-font-size\" style=\"text-transform:uppercase\">PAR NOMETN\u0112M<\/h2>\n\n\n\n<p>Vasara paiet \u0101tri.<br>Bet pieredze, drosme un draudz\u012bbas paliek.<\/p>\n\n\n\n<p>Ja v\u0113lies, lai \u0161\u012b vasara b\u0113rnam k\u013c\u016bst par \u012bstu piedz\u012bvojumu,<br>MAKU nometne b\u016bs vieta, kur tam s\u0101kties.<\/p>\n\n\n\n<div class=\"wp-block-buttons is-layout-flex wp-block-buttons-is-layout-flex\">\n<div class=\"wp-block-button is-style-outline is-style-outline--2\"><a class=\"wp-block-button__link wp-element-button\" href=\"https:\/\/makucamps.com\/index.php\/par\/\" style=\"border-radius:0px\">NOMETNES<\/a><\/div>\n<\/div>\n<\/div>\n<\/div>\n\n\n\n<div style=\"height:30px\" aria-hidden=\"true\" class=\"wp-block-spacer\"><\/div>\n<\/div>\n<\/div>\n\n\n\n<div class=\"wp-block-group alignfull portfolio-dark has-black-background-color has-background has-global-padding is-layout-constrained wp-block-group-is-layout-constrained\" id=\"portfolio\" style=\"margin-top:0px\">\n<div style=\"height:36px\" aria-hidden=\"true\" class=\"wp-block-spacer\"><\/div>\n\n\n\n<div style=\"height:50px\" aria-hidden=\"true\" class=\"wp-block-spacer\"><\/div>\n<\/div>\n\n\n\n<div id=\"team\" class=\"wp-block-group has-global-padding is-layout-constrained wp-block-group-is-layout-constrained\"><\/div>\n\n\n\n\n\n<div class=\"wp-block-group has-global-padding is-layout-constrained wp-block-group-is-layout-constrained\">\n<div class=\"wp-block-group is-layout-flow wp-block-group-is-layout-flow\">\n<div style=\"height:63px\" aria-hidden=\"true\" class=\"wp-block-spacer\"><\/div>\n\n\n\n<p class=\"has-text-color\" style=\"color:#0bb4aa\">IEPAZ\u012aSTIES<\/p>\n\n\n\n<h2 class=\"wp-block-heading has-large-font-size\">MAKU komanda<\/h2>\n\n\n\n<div style=\"height:32px\" aria-hidden=\"true\" class=\"wp-block-spacer\"><\/div>\n\n\n\n<div style=\"height:0px\" aria-hidden=\"true\" class=\"wp-block-spacer\"><\/div>\n\n\n\n<div class=\"wp-block-columns is-layout-flex wp-container-core-columns-is-layout-28f84493 wp-block-columns-is-layout-flex\">\n<div class=\"wp-block-column is-style-default is-layout-flow wp-block-column-is-layout-flow\" style=\"border-style:none;border-width:0px;padding-top:0;padding-right:0;padding-bottom:0;padding-left:0\">\n<figure class=\"wp-block-image size-full is-resized is-style-default\"><img loading=\"lazy\" decoding=\"async\" width=\"1360\" height=\"2048\" src=\"https:\/\/makucamps.com\/wp-content\/uploads\/2026\/03\/WhatsApp-Image-2026-03-09-at-18.06.45.jpeg\" alt=\"\" class=\"wp-image-168\" style=\"aspect-ratio:0.6640725633319021;width:294px;height:auto\" srcset=\"https:\/\/makucamps.com\/wp-content\/uploads\/2026\/03\/WhatsApp-Image-2026-03-09-at-18.06.45.jpeg 1360w, https:\/\/makucamps.com\/wp-content\/uploads\/2026\/03\/WhatsApp-Image-2026-03-09-at-18.06.45-199x300.jpeg 199w, https:\/\/makucamps.com\/wp-content\/uploads\/2026\/03\/WhatsApp-Image-2026-03-09-at-18.06.45-680x1024.jpeg 680w\" sizes=\"auto, (max-width: 1360px) 100vw, 1360px\" \/><\/figure>\n\n\n\n<h2 class=\"wp-block-heading\"><strong><em>El\u012bna L\u016bkina<\/em><\/strong><\/h2>\n\n\n\n<p>GALVEN\u0100 NOMET\u0145U VAD\u012aT\u0100JA<\/p>\n\n\n\n<p>\u010cau, esmu El\u012bna, idejas autore un nometnes vad\u012bt\u0101ja. Nometnes vadu jau vair\u0101k k\u0101 10 gadus un b\u0113rni un jaunie\u0161i ir mana ikdiena. Ikdien\u0101 esmu fizioterapeits un deju trenere, t\u0101p\u0113c man ir svar\u012bga kust\u012bba. Vien\u0101 v\u0101rd\u0101 esmu SPRIDZEKLIS<\/p>\n\n\n\n<ul class=\"wp-block-social-links has-icon-color is-style-logos-only is-layout-flex wp-block-social-links-is-layout-flex\"><\/ul>\n<\/div>\n\n\n\n<div class=\"wp-block-column is-style-default is-layout-flow wp-block-column-is-layout-flow\" style=\"border-style:none;border-width:0px;padding-top:0;padding-right:0;padding-bottom:0;padding-left:0\">\n<figure class=\"wp-block-image size-full is-resized\"><img loading=\"lazy\" decoding=\"async\" width=\"1096\" height=\"1600\" src=\"https:\/\/makucamps.com\/wp-content\/uploads\/2026\/03\/WhatsApp-Image-2026-03-09-at-18.04.19.jpeg\" alt=\"\" class=\"wp-image-167\" style=\"aspect-ratio:0.6668013903483955;width:296px;height:auto\" srcset=\"https:\/\/makucamps.com\/wp-content\/uploads\/2026\/03\/WhatsApp-Image-2026-03-09-at-18.04.19.jpeg 1096w, https:\/\/makucamps.com\/wp-content\/uploads\/2026\/03\/WhatsApp-Image-2026-03-09-at-18.04.19-206x300.jpeg 206w, https:\/\/makucamps.com\/wp-content\/uploads\/2026\/03\/WhatsApp-Image-2026-03-09-at-18.04.19-701x1024.jpeg 701w\" sizes=\"auto, (max-width: 1096px) 100vw, 1096px\" \/><\/figure>\n\n\n\n<h2 class=\"wp-block-heading\"><strong><em>Inniga Gerdena<\/em><\/strong><\/h2>\n\n\n\n<p>NOMET\u0145U VAD\u012aT\u0100JA<\/p>\n\n\n\n<p>\u010cau, esmu Inniga Gerdena! Nu jau piecus gadus str\u0101d\u0101ju ar b\u0113rniem un jaunie\u0161iem, k\u0101 laikmet\u012bg\u0101s dejas trenere un mana stipr\u0101k\u0101 \u012bpa\u0161\u012bba ir sp\u0113ja rad\u012bt draudz\u012bgu un motiv\u0113jo\u0161u atmosf\u0113ru. Priec\u0101jos b\u016bt da\u013ca no komandas!<\/p>\n\n\n\n<ul class=\"wp-block-social-links has-icon-color is-style-logos-only is-layout-flex wp-block-social-links-is-layout-flex\"><\/ul>\n<\/div>\n\n\n\n<div class=\"wp-block-column is-style-default is-layout-flow wp-block-column-is-layout-flow\" style=\"border-style:none;border-width:0px;padding-top:0;padding-right:0;padding-bottom:0;padding-left:0\">\n<figure class=\"wp-block-image aligncenter size-large is-resized\"><img loading=\"lazy\" decoding=\"async\" width=\"682\" height=\"1024\" src=\"https:\/\/makucamps.com\/wp-content\/uploads\/2026\/03\/WhatsApp-Image-2026-03-10-at-13.33.15-682x1024.jpeg\" alt=\"\" class=\"wp-image-170\" style=\"aspect-ratio:0.666043030869972;width:299px;height:auto\" srcset=\"https:\/\/makucamps.com\/wp-content\/uploads\/2026\/03\/WhatsApp-Image-2026-03-10-at-13.33.15-682x1024.jpeg 682w, https:\/\/makucamps.com\/wp-content\/uploads\/2026\/03\/WhatsApp-Image-2026-03-10-at-13.33.15-200x300.jpeg 200w, https:\/\/makucamps.com\/wp-content\/uploads\/2026\/03\/WhatsApp-Image-2026-03-10-at-13.33.15.jpeg 1066w\" sizes=\"auto, (max-width: 682px) 100vw, 682px\" \/><\/figure>\n\n\n\n<h2 class=\"wp-block-heading\"><strong><em>Ance Tjavre<\/em><\/strong><\/h2>\n\n\n\n<p>NOMET\u0145U VAD\u012aT\u0100JA<\/p>\n\n\n\n<p>\u010cau, mani sauc Ance un ar b\u0113rniem str\u0101d\u0101ju jau p\u0113d\u0113jos se\u0161us gadus. Mana stipr\u0101k\u0101 \u012bpa\u0161\u012bba ir sp\u0113ja veidot pozit\u012bvu un uztic\u012bbas pilnu kontaktu ar b\u0113rniem. Str\u0101d\u0101jot ar b\u0113rniem, esmu iem\u0101c\u012bjusies b\u016bt paciet\u012bga, saproto\u0161a un rado\u0161a da\u017e\u0101d\u0101s situ\u0101cij\u0101s, vienm\u0113r cen\u0161oties pal\u012bdz\u0113t un rad\u012bt draudz\u012bgu vidi.<\/p>\n\n\n\n<ul class=\"wp-block-social-links has-icon-color is-style-logos-only is-layout-flex wp-block-social-links-is-layout-flex\"><\/ul>\n<\/div>\n<\/div>\n\n\n\n<div class=\"wp-block-columns is-layout-flex wp-container-core-columns-is-layout-28f84493 wp-block-columns-is-layout-flex\">\n<div class=\"wp-block-column is-layout-flow wp-block-column-is-layout-flow\"><\/div>\n\n\n\n<div class=\"wp-block-column is-layout-flow wp-block-column-is-layout-flow\"><\/div>\n\n\n\n<div class=\"wp-block-column is-layout-flow wp-block-column-is-layout-flow\"><\/div>\n<\/div>\n\n\n\n<div class=\"wp-block-columns is-layout-flex wp-container-core-columns-is-layout-28f84493 wp-block-columns-is-layout-flex\">\n<div class=\"wp-block-column is-style-default is-layout-flow wp-block-column-is-layout-flow\" style=\"border-style:none;border-width:0px;padding-top:0;padding-right:0;padding-bottom:0;padding-left:0\">\n<figure class=\"wp-block-image size-large is-resized\"><img loading=\"lazy\" decoding=\"async\" width=\"674\" height=\"1024\" src=\"https:\/\/makucamps.com\/wp-content\/uploads\/2026\/04\/WhatsApp-Image-2026-03-12-at-06.21.44-674x1024.jpeg\" alt=\"\" class=\"wp-image-206\" style=\"aspect-ratio:0.658218513487289;width:290px;height:auto\" srcset=\"https:\/\/makucamps.com\/wp-content\/uploads\/2026\/04\/WhatsApp-Image-2026-03-12-at-06.21.44-674x1024.jpeg 674w, https:\/\/makucamps.com\/wp-content\/uploads\/2026\/04\/WhatsApp-Image-2026-03-12-at-06.21.44-197x300.jpeg 197w, https:\/\/makucamps.com\/wp-content\/uploads\/2026\/04\/WhatsApp-Image-2026-03-12-at-06.21.44.jpeg 1053w\" sizes=\"auto, (max-width: 674px) 100vw, 674px\" \/><\/figure>\n\n\n\n<h2 class=\"wp-block-heading\"><strong><em>Em\u012bls Indriksons<\/em><\/strong><\/h2>\n\n\n\n<p>NOMET\u0145U VAD\u012aT\u0100JS<\/p>\n\n\n\n<p>\u010cau! Esmu Em\u012bls &#8211; viens no nometnes vad\u012bt\u0101jiem. Man pat\u012bk str\u0101d\u0101t ar b\u0113rniem un jaunie\u0161iem, kust\u0113ties un b\u016bt akt\u012bvam. Pat\u012bk pavad\u012bt labi laiku, satikt jaunus cilv\u0113kus, ieg\u016bt draugus un jaunas zin\u0101\u0161anas. Man ir svar\u012bgi, lai jaunie\u0161i kustas un izm\u0113\u0123ina jaunas lietas.<\/p>\n\n\n\n<ul class=\"wp-block-social-links has-icon-color is-style-logos-only is-layout-flex wp-block-social-links-is-layout-flex\"><\/ul>\n<\/div>\n\n\n\n<div class=\"wp-block-column is-style-default is-layout-flow wp-block-column-is-layout-flow\" style=\"border-style:none;border-width:0px;padding-top:0;padding-right:0;padding-bottom:0;padding-left:0\">\n\n\n\n\n\n\n\n\n\n\n<div class=\"wp-block-columns is-layout-flex wp-container-core-columns-is-layout-28f84493 wp-block-columns-is-layout-flex\">\n<div class=\"wp-block-column is-layout-flow wp-block-column-is-layout-flow\"><\/div>\n\n\n\n<div class=\"wp-block-column is-layout-flow wp-block-column-is-layout-flow\"><\/div>\n\n\n\n<div class=\"wp-block-column is-layout-flow wp-block-column-is-layout-flow\"><\/div>\n<\/div>\n<\/div>\n\n\n<\/div>\n<\/div>\n\n\n\n<div style=\"height:82px\" aria-hidden=\"true\" class=\"wp-block-spacer\"><\/div>\n<\/div>\n","protected":false},"excerpt":{"rendered":"<p>IZDZ\u012aVO\u0160ANAS SP\u0112LE, KAS ATT\u012aSTA DZ\u012aVEI MAKU nometnes ir veidotas k\u0101 aizraujo\u0161s piedz\u012bvojumu st\u0101sts, kur b\u0113rni piedal\u0101s izdz\u012bvo\u0161anas sp\u0113l\u0113s, komandu izaicin\u0101jumos un rado\u0161\u0101s aktivit\u0101t\u0113s. Katru dienu dal\u012bbnieki saskaras ar jauniem uzdevumiem, kas att\u012bsta probl\u0113mu risin\u0101\u0161anu, komunik\u0101ciju, l\u012bder\u012bbu un pa\u0161p\u0101rliec\u012bbu. MAKU NOMETNES Katrs dal\u012bbnieks k\u013c\u016bst par da\u013cu no komandas, kas kop\u0101 p\u0101rvar \u0161\u0137\u0113r\u0161\u013cus, risina uzdevumus, piedal\u0101s strat\u0113\u0123isk\u0101s &hellip; <\/p>\n<p class=\"link-more\"><a href=\"https:\/\/makucamps.com\/\" class=\"more-link\">Read more<span class=\"screen-reader-text\"> &#8220;Homepage&#8221;<\/span><\/a><\/p>\n","protected":false},"author":1,"featured_media":0,"parent":0,"menu_order":0,"comment_status":"closed","ping_status":"closed","template":"page-templates\/homepage-builder-bb.php","meta":{"_inspiro_hide_title":false,"footnotes":""},"class_list":["post-17","page","type-page","status-publish","hentry"],"jetpack_sharing_enabled":true,"_links":{"self":[{"href":"https:\/\/makucamps.com\/index.php\/wp-json\/wp\/v2\/pages\/17","targetHints":{"allow":["GET"]}}],"collection":[{"href":"https:\/\/makucamps.com\/index.php\/wp-json\/wp\/v2\/pages"}],"about":[{"href":"https:\/\/makucamps.com\/index.php\/wp-json\/wp\/v2\/types\/page"}],"author":[{"embeddable":true,"href":"https:\/\/makucamps.com\/index.php\/wp-json\/wp\/v2\/users\/1"}],"replies":[{"embeddable":true,"href":"https:\/\/makucamps.com\/index.php\/wp-json\/wp\/v2\/comments?post=17"}],"version-history":[{"count":30,"href":"https:\/\/makucamps.com\/index.php\/wp-json\/wp\/v2\/pages\/17\/revisions"}],"predecessor-version":[{"id":218,"href":"https:\/\/makucamps.com\/index.php\/wp-json\/wp\/v2\/pages\/17\/revisions\/218"}],"wp:attachment":[{"href":"https:\/\/makucamps.com\/index.php\/wp-json\/wp\/v2\/media?parent=17"}],"curies":[{"name":"wp","href":"https:\/\/api.w.org\/{rel}","templated":true}]}}