{"id":18,"date":"2026-02-19T10:19:54","date_gmt":"2026-02-19T10:19:54","guid":{"rendered":"https:\/\/makucamps.com\/?page_id=18"},"modified":"2026-03-27T15:21:34","modified_gmt":"2026-03-27T13:21:34","slug":"par","status":"publish","type":"page","link":"https:\/\/makucamps.com\/index.php\/par\/","title":{"rendered":"PAR"},"content":{"rendered":"\n<h3 class=\"wp-block-heading has-large-font-size\" id=\"inspiro-is-a-digital-product-agency-that-focuses-on-strategy-and-desig\" style=\"font-weight:300\">PAR NOMETN\u0112M<\/h3>\n\n\n\n<p>Ikdiena nometn\u0113 ir piepild\u012bta ar kust\u012bbu un piedz\u012bvojumiem: dienas laik\u0101 notiek sp\u0113les, sacens\u012bbas un rado\u0161as aktivit\u0101tes, bet vakaros dal\u012bbnieki pulc\u0113jas pie ugunskura, dal\u0101s dienas iespaidos un piedal\u0101s kop\u012bgos vakara pas\u0101kumos.<\/p>\n\n\n\n<p>Nometnes laik\u0101 b\u0113rni piedal\u0101s da\u017e\u0101d\u0101s piedz\u012bvojumu aktivit\u0101t\u0113s \u2013 orient\u0113\u0161an\u0101s sp\u0113l\u0113s, komandu sacens\u012bb\u0101s, \u0161\u0137\u0113r\u0161\u013cu tras\u0113s un citos izaicin\u0101jumos, kur svar\u012bga ir sadarb\u012bba un komandas gars. Dal\u012bbnieki apg\u016bst ar\u012b praktiskas prasmes dab\u0101: k\u0101 iekurt ugunskuru un pagatavot malt\u012bti, uzb\u016bv\u0113t vienk\u0101r\u0161u pajumti, orient\u0113ties me\u017e\u0101 un kop\u0101 ar komandu atrisin\u0101t da\u017e\u0101das situ\u0101cijas.<\/p>\n\n\n\n<div class=\"wp-block-media-text is-stacked-on-mobile\"><figure class=\"wp-block-media-text__media\"><img loading=\"lazy\" decoding=\"async\" width=\"1024\" height=\"681\" src=\"https:\/\/makucamps.com\/wp-content\/uploads\/2026\/03\/AV0_6903-1-1024x681.jpg\" alt=\"\" class=\"wp-image-124 size-full\" srcset=\"https:\/\/makucamps.com\/wp-content\/uploads\/2026\/03\/AV0_6903-1-1024x681.jpg 1024w, https:\/\/makucamps.com\/wp-content\/uploads\/2026\/03\/AV0_6903-1-300x200.jpg 300w, https:\/\/makucamps.com\/wp-content\/uploads\/2026\/03\/AV0_6903-1-2000x1331.jpg 2000w\" sizes=\"auto, (max-width: 1024px) 100vw, 1024px\" \/><\/figure><div class=\"wp-block-media-text__content\">\n<p class=\"has-medium-font-size\"><strong>\u0160\u012b ir ned\u0113\u013ca, kur\u0101 b\u0113rni kustas, smejas, m\u0101c\u0101s un piedz\u012bvo \u2013 un m\u0101j\u0101s dodas ar jaun\u0101m prasm\u0113m, draugiem un st\u0101stiem, ko atcer\u0113ties v\u0113l ilgi p\u0113c vasaras.<\/strong><\/p>\n<\/div><\/div>\n\n\n\n<p><\/p>\n\n\n\n<p>MAKU nometn\u0113 b\u0113rni ne tikai labi pavada laiku, bet ar\u012b att\u012bsta patst\u0101v\u012bbu, drosmi un p\u0101rliec\u012bbu par sevi. Dz\u012bvojot komand\u0101, vi\u0146i m\u0101c\u0101s pal\u012bdz\u0113t cits citam, uz\u0146emties atbild\u012bbu un saprast, cik svar\u012bga ir savstarp\u0113ja uztic\u0113\u0161an\u0101s. Ned\u0113\u013cas laik\u0101 sve\u0161inieki k\u013c\u016bst par komandu, bet komanda \u2013 par draugiem.<\/p>\n\n\n\n\n\n<p><\/p>\n","protected":false},"excerpt":{"rendered":"<p>PAR NOMETN\u0112M Ikdiena nometn\u0113 ir piepild\u012bta ar kust\u012bbu un piedz\u012bvojumiem: dienas laik\u0101 notiek sp\u0113les, sacens\u012bbas un rado\u0161as aktivit\u0101tes, bet vakaros dal\u012bbnieki pulc\u0113jas pie ugunskura, dal\u0101s dienas iespaidos un piedal\u0101s kop\u012bgos vakara pas\u0101kumos. Nometnes laik\u0101 b\u0113rni piedal\u0101s da\u017e\u0101d\u0101s piedz\u012bvojumu aktivit\u0101t\u0113s \u2013 orient\u0113\u0161an\u0101s sp\u0113l\u0113s, komandu sacens\u012bb\u0101s, \u0161\u0137\u0113r\u0161\u013cu tras\u0113s un citos izaicin\u0101jumos, kur svar\u012bga ir sadarb\u012bba un komandas &hellip; <\/p>\n<p class=\"link-more\"><a href=\"https:\/\/makucamps.com\/index.php\/par\/\" class=\"more-link\">Read more<span class=\"screen-reader-text\"> &#8220;PAR&#8221;<\/span><\/a><\/p>\n","protected":false},"author":1,"featured_media":128,"parent":0,"menu_order":0,"comment_status":"closed","ping_status":"closed","template":"","meta":{"_inspiro_hide_title":false,"footnotes":""},"class_list":["post-18","page","type-page","status-publish","has-post-thumbnail","hentry"],"jetpack_sharing_enabled":true,"_links":{"self":[{"href":"https:\/\/makucamps.com\/index.php\/wp-json\/wp\/v2\/pages\/18","targetHints":{"allow":["GET"]}}],"collection":[{"href":"https:\/\/makucamps.com\/index.php\/wp-json\/wp\/v2\/pages"}],"about":[{"href":"https:\/\/makucamps.com\/index.php\/wp-json\/wp\/v2\/types\/page"}],"author":[{"embeddable":true,"href":"https:\/\/makucamps.com\/index.php\/wp-json\/wp\/v2\/users\/1"}],"replies":[{"embeddable":true,"href":"https:\/\/makucamps.com\/index.php\/wp-json\/wp\/v2\/comments?post=18"}],"version-history":[{"count":11,"href":"https:\/\/makucamps.com\/index.php\/wp-json\/wp\/v2\/pages\/18\/revisions"}],"predecessor-version":[{"id":196,"href":"https:\/\/makucamps.com\/index.php\/wp-json\/wp\/v2\/pages\/18\/revisions\/196"}],"wp:featuredmedia":[{"embeddable":true,"href":"https:\/\/makucamps.com\/index.php\/wp-json\/wp\/v2\/media\/128"}],"wp:attachment":[{"href":"https:\/\/makucamps.com\/index.php\/wp-json\/wp\/v2\/media?parent=18"}],"curies":[{"name":"wp","href":"https:\/\/api.w.org\/{rel}","templated":true}]}}