{"id":19,"date":"2026-02-19T10:19:54","date_gmt":"2026-02-19T10:19:54","guid":{"rendered":"https:\/\/makucamps.com\/?page_id=19"},"modified":"2026-03-10T13:44:32","modified_gmt":"2026-03-10T11:44:32","slug":"mes","status":"publish","type":"page","link":"https:\/\/makucamps.com\/index.php\/mes\/","title":{"rendered":"M\u0112S"},"content":{"rendered":"\n<div style=\"height:17px\" aria-hidden=\"true\" class=\"wp-block-spacer\"><\/div>\n\n\n\n<div class=\"wp-block-group has-global-padding is-layout-constrained wp-block-group-is-layout-constrained\">\n<div class=\"wp-block-columns are-vertically-aligned-top is-layout-flex wp-container-core-columns-is-layout-d7d455e7 wp-block-columns-is-layout-flex\" style=\"padding-top:0;padding-right:0;padding-bottom:0;padding-left:0\">\n<div class=\"wp-block-column is-vertically-aligned-top is-layout-flow wp-block-column-is-layout-flow\" style=\"padding-right:7%;flex-basis:50%\">\n<p class=\"has-text-color\" style=\"color:#0bb4aa\">PAR MUMS<\/p>\n\n\n\n<h2 class=\"wp-block-heading has-large-font-size\">Iepaz\u012bsimies?<\/h2>\n\n\n\n<p>M\u0113s esam t\u0101 pati komanda, kas jau gadiem veido Beach Box Camps \u2013 cilv\u0113ki, kuriem pat\u012bk kust\u012bba, piedz\u012bvojumi un \u012bstas emocijas dab\u0101. Tas ir tas pats nelielais, bet jaud\u012bgais kodols, kas pl\u0101no, b\u016bv\u0113, test\u0113 un reiz\u0113m ar\u012b pa\u0161i l\u012bdz aus\u012bm iegrimst smilt\u012bs vai me\u017ea tak\u0101s, lai katra nometne izdotos t\u0101da, k\u0101du pa\u0161i grib\u0113tu piedz\u012bvot.<\/p>\n\n\n\n<p>Mums vienm\u0113r ir paticis rad\u012bt vietas, kur b\u0113rni var kust\u0113ties, atkl\u0101t, izm\u0113\u0123in\u0101t un k\u013c\u016bt drosm\u012bg\u0101ki. No \u0161\u012bs pa\u0161as ener\u0123ijas ir dzimis ar\u012b jauns projekts \u2013 MAKU.<\/p>\n\n\n\n<p>MAKU ir b\u0113rnu piedz\u012bvojumu un izdz\u012bvo\u0161anas nometnes dab\u0101. Tur b\u0113rni m\u0101c\u0101s sadarboties, orient\u0113ties, p\u0101rvar\u0113t izaicin\u0101jumus un pavad\u012bt laiku \u0101rpus ekr\u0101niem \u2013 me\u017e\u0101, kust\u012bb\u0101 un piedz\u012bvojumos.<\/p>\n<\/div>\n\n\n\n<div class=\"wp-block-column is-vertically-aligned-top is-layout-flow wp-block-column-is-layout-flow\" style=\"flex-basis:50%\">\n<div style=\"height:80px\" aria-hidden=\"true\" class=\"wp-block-spacer\"><\/div>\n\n\n\n<figure class=\"wp-block-image size-large\"><img loading=\"lazy\" decoding=\"async\" width=\"1024\" height=\"681\" src=\"https:\/\/makucamps.com\/wp-content\/uploads\/2026\/03\/AV0_6789-1024x681.jpg\" alt=\"\" class=\"wp-image-99\" srcset=\"https:\/\/makucamps.com\/wp-content\/uploads\/2026\/03\/AV0_6789-1024x681.jpg 1024w, https:\/\/makucamps.com\/wp-content\/uploads\/2026\/03\/AV0_6789-300x200.jpg 300w, https:\/\/makucamps.com\/wp-content\/uploads\/2026\/03\/AV0_6789-2000x1331.jpg 2000w\" sizes=\"auto, (max-width: 1024px) 100vw, 1024px\" \/><\/figure>\n<\/div>\n<\/div>\n<\/div>\n\n\n\n<div style=\"height:197px\" aria-hidden=\"true\" class=\"wp-block-spacer\"><\/div>\n\n\n\n<div class=\"wp-block-columns alignfull are-vertically-aligned-center has-light-background-background-color has-background is-layout-flex wp-container-core-columns-is-layout-dd282781 wp-block-columns-is-layout-flex\" style=\"padding-top:0;padding-right:0;padding-bottom:0;padding-left:0\">\n<div class=\"wp-block-column is-vertically-aligned-center map-grayscale is-layout-flow wp-block-column-is-layout-flow\" style=\"flex-basis:50%\">\n<figure class=\"wp-block-image size-large\"><img loading=\"lazy\" decoding=\"async\" width=\"1024\" height=\"683\" src=\"https:\/\/makucamps.com\/wp-content\/uploads\/2026\/03\/DSC04518-1024x683.jpg\" alt=\"\" class=\"wp-image-98\" srcset=\"https:\/\/makucamps.com\/wp-content\/uploads\/2026\/03\/DSC04518-1024x683.jpg 1024w, https:\/\/makucamps.com\/wp-content\/uploads\/2026\/03\/DSC04518-300x200.jpg 300w, https:\/\/makucamps.com\/wp-content\/uploads\/2026\/03\/DSC04518-2000x1334.jpg 2000w\" sizes=\"auto, (max-width: 1024px) 100vw, 1024px\" \/><\/figure>\n<\/div>\n\n\n\n<div class=\"wp-block-column is-vertically-aligned-center is-layout-flow wp-block-column-is-layout-flow\" style=\"padding-top:var(--wp--preset--spacing--small);padding-right:var(--wp--preset--spacing--small);padding-bottom:var(--wp--preset--spacing--small);padding-left:2%;flex-basis:50%\">\n<h3 class=\"wp-block-heading has-large-font-size\">MAKU KONTAKTI<\/h3>\n\n\n\n<p><\/p>\n\n\n\n<h3 class=\"wp-block-heading\"><strong>Adrese<\/strong><\/h3>\n\n\n\n<p>Br\u012bv\u012bbas 137B, R\u012bga, Latvija<\/p>\n\n\n\n<h3 class=\"wp-block-heading\"><strong>Epasts<\/strong><\/h3>\n\n\n\n<p>info@makucamps.com<\/p>\n\n\n\n<h3 class=\"wp-block-heading\"><strong>Telefons<\/strong><\/h3>\n\n\n\n<p>+371 29206257<\/p>\n<\/div>\n<\/div>\n","protected":false},"excerpt":{"rendered":"<p>PAR MUMS Iepaz\u012bsimies? M\u0113s esam t\u0101 pati komanda, kas jau gadiem veido Beach Box Camps \u2013 cilv\u0113ki, kuriem pat\u012bk kust\u012bba, piedz\u012bvojumi un \u012bstas emocijas dab\u0101. Tas ir tas pats nelielais, bet jaud\u012bgais kodols, kas pl\u0101no, b\u016bv\u0113, test\u0113 un reiz\u0113m ar\u012b pa\u0161i l\u012bdz aus\u012bm iegrimst smilt\u012bs vai me\u017ea tak\u0101s, lai katra nometne izdotos t\u0101da, k\u0101du pa\u0161i &hellip; <\/p>\n<p class=\"link-more\"><a href=\"https:\/\/makucamps.com\/index.php\/mes\/\" class=\"more-link\">Read more<span class=\"screen-reader-text\"> &#8220;M\u0112S&#8221;<\/span><\/a><\/p>\n","protected":false},"author":1,"featured_media":39,"parent":0,"menu_order":0,"comment_status":"closed","ping_status":"closed","template":"","meta":{"_inspiro_hide_title":false,"footnotes":""},"class_list":["post-19","page","type-page","status-publish","has-post-thumbnail","hentry"],"jetpack_sharing_enabled":true,"_links":{"self":[{"href":"https:\/\/makucamps.com\/index.php\/wp-json\/wp\/v2\/pages\/19","targetHints":{"allow":["GET"]}}],"collection":[{"href":"https:\/\/makucamps.com\/index.php\/wp-json\/wp\/v2\/pages"}],"about":[{"href":"https:\/\/makucamps.com\/index.php\/wp-json\/wp\/v2\/types\/page"}],"author":[{"embeddable":true,"href":"https:\/\/makucamps.com\/index.php\/wp-json\/wp\/v2\/users\/1"}],"replies":[{"embeddable":true,"href":"https:\/\/makucamps.com\/index.php\/wp-json\/wp\/v2\/comments?post=19"}],"version-history":[{"count":7,"href":"https:\/\/makucamps.com\/index.php\/wp-json\/wp\/v2\/pages\/19\/revisions"}],"predecessor-version":[{"id":173,"href":"https:\/\/makucamps.com\/index.php\/wp-json\/wp\/v2\/pages\/19\/revisions\/173"}],"wp:featuredmedia":[{"embeddable":true,"href":"https:\/\/makucamps.com\/index.php\/wp-json\/wp\/v2\/media\/39"}],"wp:attachment":[{"href":"https:\/\/makucamps.com\/index.php\/wp-json\/wp\/v2\/media?parent=19"}],"curies":[{"name":"wp","href":"https:\/\/api.w.org\/{rel}","templated":true}]}}