{"id":92,"date":"2026-03-05T14:43:10","date_gmt":"2026-03-05T12:43:10","guid":{"rendered":"https:\/\/makucamps.com\/?post_type=product&#038;p=92"},"modified":"2026-03-10T12:03:09","modified_gmt":"2026-03-10T10:03:09","slug":"izdzivosanas-nometne-julija","status":"publish","type":"product","link":"https:\/\/makucamps.com\/index.php\/product\/izdzivosanas-nometne-julija\/","title":{"rendered":"IZDZ\u012aVO\u0160ANAS NOMETNE J\u016aLIJ\u0100"},"content":{"rendered":"","protected":false},"excerpt":{"rendered":"<p>Pievienojies aizraujo\u0161ai b\u0113rnu vasaras izdz\u012bvo\u0161anas nometnei J\u016blij\u0101!<\/p>\n<p>Nometnes datumi: 12.j\u016blijs &#8211; 17.j\u016blijs<\/p>\n<p>Lok\u0101cija: Atp\u016btas Komplekss &#8220;L\u012bc\u012b\u0161i&#8221;<\/p>\n<p>Nometne paredz\u0113ta b\u0113rniem un jaunie\u0161iem vecum\u0101 8-15 gadiem<\/p>\n<h4><\/h4>\n","protected":false},"featured_media":62,"comment_status":"open","ping_status":"closed","template":"","meta":[],"product_brand":[],"product_cat":[20],"product_tag":[19],"class_list":{"0":"post-92","1":"product","2":"type-product","3":"status-publish","4":"has-post-thumbnail","6":"product_cat-nometnes","7":"product_tag-bernu-nometne","9":"first","10":"instock","11":"virtual","12":"purchasable","13":"product-type-simple"},"jetpack_sharing_enabled":true,"_links":{"self":[{"href":"https:\/\/makucamps.com\/index.php\/wp-json\/wp\/v2\/product\/92","targetHints":{"allow":["GET"]}}],"collection":[{"href":"https:\/\/makucamps.com\/index.php\/wp-json\/wp\/v2\/product"}],"about":[{"href":"https:\/\/makucamps.com\/index.php\/wp-json\/wp\/v2\/types\/product"}],"replies":[{"embeddable":true,"href":"https:\/\/makucamps.com\/index.php\/wp-json\/wp\/v2\/comments?post=92"}],"wp:featuredmedia":[{"embeddable":true,"href":"https:\/\/makucamps.com\/index.php\/wp-json\/wp\/v2\/media\/62"}],"wp:attachment":[{"href":"https:\/\/makucamps.com\/index.php\/wp-json\/wp\/v2\/media?parent=92"}],"wp:term":[{"taxonomy":"product_brand","embeddable":true,"href":"https:\/\/makucamps.com\/index.php\/wp-json\/wp\/v2\/product_brand?post=92"},{"taxonomy":"product_cat","embeddable":true,"href":"https:\/\/makucamps.com\/index.php\/wp-json\/wp\/v2\/product_cat?post=92"},{"taxonomy":"product_tag","embeddable":true,"href":"https:\/\/makucamps.com\/index.php\/wp-json\/wp\/v2\/product_tag?post=92"}],"curies":[{"name":"wp","href":"https:\/\/api.w.org\/{rel}","templated":true}]}}