{"id":93,"date":"2026-03-05T14:45:15","date_gmt":"2026-03-05T12:45:15","guid":{"rendered":"https:\/\/makucamps.com\/?post_type=product&#038;p=93"},"modified":"2026-03-10T12:03:45","modified_gmt":"2026-03-10T10:03:45","slug":"izdzivosanas-nometne-augusta","status":"publish","type":"product","link":"https:\/\/makucamps.com\/index.php\/product\/izdzivosanas-nometne-augusta\/","title":{"rendered":"IZDZ\u012aVO\u0160ANAS NOMETNE AUGUST\u0100"},"content":{"rendered":"","protected":false},"excerpt":{"rendered":"<p>Pievienojies aizraujo\u0161ai b\u0113rnu vasaras izdz\u012bvo\u0161anas nometnei August\u0101!<\/p>\n<p>Nometnes datumi: 9.-14.augusts<\/p>\n<p>Lok\u0101cija: Atp\u016btas komplekss &#8220;Niedras&#8221;<\/p>\n<p>Nometne paredz\u0113ta b\u0113rniem un jaunie\u0161iem vecum\u0101 8-15 gadiem<\/p>\n","protected":false},"featured_media":64,"comment_status":"open","ping_status":"closed","template":"","meta":[],"product_brand":[],"product_cat":[20],"product_tag":[19],"class_list":{"0":"post-93","1":"product","2":"type-product","3":"status-publish","4":"has-post-thumbnail","6":"product_cat-nometnes","7":"product_tag-bernu-nometne","9":"first","10":"instock","11":"virtual","12":"purchasable","13":"product-type-simple"},"jetpack_sharing_enabled":true,"_links":{"self":[{"href":"https:\/\/makucamps.com\/index.php\/wp-json\/wp\/v2\/product\/93","targetHints":{"allow":["GET"]}}],"collection":[{"href":"https:\/\/makucamps.com\/index.php\/wp-json\/wp\/v2\/product"}],"about":[{"href":"https:\/\/makucamps.com\/index.php\/wp-json\/wp\/v2\/types\/product"}],"replies":[{"embeddable":true,"href":"https:\/\/makucamps.com\/index.php\/wp-json\/wp\/v2\/comments?post=93"}],"wp:featuredmedia":[{"embeddable":true,"href":"https:\/\/makucamps.com\/index.php\/wp-json\/wp\/v2\/media\/64"}],"wp:attachment":[{"href":"https:\/\/makucamps.com\/index.php\/wp-json\/wp\/v2\/media?parent=93"}],"wp:term":[{"taxonomy":"product_brand","embeddable":true,"href":"https:\/\/makucamps.com\/index.php\/wp-json\/wp\/v2\/product_brand?post=93"},{"taxonomy":"product_cat","embeddable":true,"href":"https:\/\/makucamps.com\/index.php\/wp-json\/wp\/v2\/product_cat?post=93"},{"taxonomy":"product_tag","embeddable":true,"href":"https:\/\/makucamps.com\/index.php\/wp-json\/wp\/v2\/product_tag?post=93"}],"curies":[{"name":"wp","href":"https:\/\/api.w.org\/{rel}","templated":true}]}}